{"id":9,"date":"2019-10-08T11:02:19","date_gmt":"2019-10-08T09:02:19","guid":{"rendered":"https:\/\/urbango.hu\/?page_id=9"},"modified":"2021-10-21T10:19:28","modified_gmt":"2021-10-21T08:19:28","slug":"budapest","status":"publish","type":"page","link":"https:\/\/urbango.hu\/en\/budapest\/","title":{"rendered":"Budapest"},"content":{"rendered":"<h2 class=\"wp-block-heading\">Grips and enchants<\/h2>\n\n\n\n<p>Budapest is one of the most beautiful and exciting cities in the world full of impressive historical buildings. The city lies where the Danube meets rolling hills and vast plains that provides spectacular landscaped views from all over the city.<\/p>\n\n\n\n<p>The picturesque urban scenery of the Parliament with its sublime towers, the Gell\u00e9rt Hill overlooking the Danube with its graceful bridges, and the quiant villas and palaces of Castle Hill will stay with you forever.<\/p>\n\n\n\n<p>Follow us: <\/p>\n\n\n\n<p><a target=\"_blank\" class=\"facebook\" href=\"https:\/\/www.facebook.com\/UrbangoHungary\/\" rel=\"noopener noreferrer\">facebook<\/a> <a target=\"_blank\" class=\"insta\" href=\"https:\/\/www.instagram.com\/urbango_budapest\/\" rel=\"noopener noreferrer\">instagram<\/a><\/p>","protected":false},"excerpt":{"rendered":"<p>Budapest \u2013 Az ezerarc\u00fa v\u00e1ros A vil\u00e1g egyik legszebb v\u00e1rosa! Az adja k\u00fcl\u00f6nlegess\u00e9g\u00e9t, hogy dombs\u00e1g \u00e9s s\u00edks\u00e1g tal\u00e1lkozik a Dun\u00e1n\u00e1l, ami p\u00e1ratlan panor\u00e1m\u00e1t biztos\u00edt gy\u00f6ny\u00f6r\u0171 t\u00f6rt\u00e9nelmi \u00e9p\u00fcleteire. A parlament m\u00e9lt\u00f3s\u00e1gteljes tornyai, a kecses hidak, a hirtelen a foly\u00f3 fel\u00e9 magasod\u00f3 Gell\u00e9rt-hegy \u00e9s az \u00f3don h\u00e1zakkal \u00e9s palot\u00e1kkal teli V\u00e1rhegy olyan l\u00e1tv\u00e1nyt ny\u00fajtanak, amivel neh\u00e9z betelni. [&hellip;]<\/p>","protected":false},"author":1,"featured_media":0,"parent":0,"menu_order":0,"comment_status":"closed","ping_status":"closed","template":"city.php","meta":{"_acf_changed":false,"footnotes":""},"class_list":["post-9","page","type-page","status-publish","hentry"],"acf":[],"_links":{"self":[{"href":"https:\/\/urbango.hu\/en\/wp-json\/wp\/v2\/pages\/9","targetHints":{"allow":["GET"]}}],"collection":[{"href":"https:\/\/urbango.hu\/en\/wp-json\/wp\/v2\/pages"}],"about":[{"href":"https:\/\/urbango.hu\/en\/wp-json\/wp\/v2\/types\/page"}],"author":[{"embeddable":true,"href":"https:\/\/urbango.hu\/en\/wp-json\/wp\/v2\/users\/1"}],"replies":[{"embeddable":true,"href":"https:\/\/urbango.hu\/en\/wp-json\/wp\/v2\/comments?post=9"}],"version-history":[{"count":5,"href":"https:\/\/urbango.hu\/en\/wp-json\/wp\/v2\/pages\/9\/revisions"}],"predecessor-version":[{"id":48490,"href":"https:\/\/urbango.hu\/en\/wp-json\/wp\/v2\/pages\/9\/revisions\/48490"}],"wp:attachment":[{"href":"https:\/\/urbango.hu\/en\/wp-json\/wp\/v2\/media?parent=9"}],"curies":[{"name":"wp","href":"https:\/\/api.w.org\/{rel}","templated":true}]}}