{"id":6,"date":"2019-10-08T09:00:56","date_gmt":"2019-10-08T09:00:56","guid":{"rendered":"https:\/\/urbango.hu\/?page_id=6"},"modified":"2022-11-28T19:36:21","modified_gmt":"2022-11-28T18:36:21","slug":"fooldal","status":"publish","type":"page","link":"https:\/\/urbango.hu\/en\/","title":{"rendered":"Outdoor Escape Game and Urban Treasure Hunt"},"content":{"rendered":"<h2 class=\"wp-block-heading\">What is Urbango?&nbsp;<\/h2>\n\n\n\n<p>Az Urbango \u00f6tv\u00f6zi a szabadul\u00f3szob\u00e1t \u00e9s a kincsvad\u00e1szatot. Mindezt szabad leveg\u0151n, k\u00f6t\u00f6tts\u00e9gek n\u00e9lk\u00fcl. Izgalmas, mert egy\u00fctt agyaltok \u00e9s nincs id\u0151hat\u00e1r mint a szabadul\u00f3szob\u00e1ban. Mindek\u00f6zben a v\u00e1rost is \u00fagy l\u00e1tj\u00e1tok mint m\u00e9g soha. Lehet ezerszer elment\u00e9l egy hely mellett, de most olyat tudhatsz meg r\u00f3la, amir\u0151l eddig nem is \u00e1lmodt\u00e1l.<\/p>","protected":false},"excerpt":{"rendered":"<p>Mi az UrbanGo&nbsp; Az Urbango \u00f6tv\u00f6zi a szabadul\u00f3szob\u00e1t \u00e9s a kincsvad\u00e1szatot. Mindezt szabad leveg\u0151n, k\u00f6t\u00f6tts\u00e9gek n\u00e9lk\u00fcl. Izgalmas, mert egy\u00fctt agyaltok \u00e9s nincs id\u0151hat\u00e1r mint a szabadul\u00f3szob\u00e1ban. Mindek\u00f6zben a v\u00e1rost is \u00fagy l\u00e1tj\u00e1tok mint m\u00e9g soha. Lehet ezerszer elment\u00e9l egy hely mellett, de most olyat tudhatsz meg r\u00f3la, amir\u0151l eddig nem is \u00e1lmodt\u00e1l.<\/p>","protected":false},"author":1,"featured_media":0,"parent":0,"menu_order":0,"comment_status":"closed","ping_status":"closed","template":"","meta":{"_acf_changed":false,"footnotes":""},"class_list":["post-6","page","type-page","status-publish","hentry"],"acf":[],"_links":{"self":[{"href":"https:\/\/urbango.hu\/en\/wp-json\/wp\/v2\/pages\/6","targetHints":{"allow":["GET"]}}],"collection":[{"href":"https:\/\/urbango.hu\/en\/wp-json\/wp\/v2\/pages"}],"about":[{"href":"https:\/\/urbango.hu\/en\/wp-json\/wp\/v2\/types\/page"}],"author":[{"embeddable":true,"href":"https:\/\/urbango.hu\/en\/wp-json\/wp\/v2\/users\/1"}],"replies":[{"embeddable":true,"href":"https:\/\/urbango.hu\/en\/wp-json\/wp\/v2\/comments?post=6"}],"version-history":[{"count":1,"href":"https:\/\/urbango.hu\/en\/wp-json\/wp\/v2\/pages\/6\/revisions"}],"predecessor-version":[{"id":66916,"href":"https:\/\/urbango.hu\/en\/wp-json\/wp\/v2\/pages\/6\/revisions\/66916"}],"wp:attachment":[{"href":"https:\/\/urbango.hu\/en\/wp-json\/wp\/v2\/media?parent=6"}],"curies":[{"name":"wp","href":"https:\/\/api.w.org\/{rel}","templated":true}]}}