{"id":58788,"date":"2022-03-18T14:03:24","date_gmt":"2022-03-18T13:03:24","guid":{"rendered":"https:\/\/urbango.hu\/?page_id=58788"},"modified":"2022-05-17T11:46:03","modified_gmt":"2022-05-17T10:46:03","slug":"foodbango","status":"publish","type":"page","link":"https:\/\/urbango.hu\/en\/foodbango\/","title":{"rendered":"FoodbanGo"},"content":{"rendered":"<h4 class=\"has-text-align-center wp-block-heading\">C\u00e9ges rendezv\u00e9nyhez kerestek egy izgalmas programot?<\/h4>\n\n\n\n<h4 class=\"has-text-align-center wp-block-heading\">A c\u00e9ges csapat\u00e9p\u00edt\u00e9st szeretn\u00e9tek szeml\u00e9letform\u00e1l\u00e1ssal is \u00f6tv\u00f6zni?<\/h4>\n\n\n\n<h4 class=\"has-text-align-center wp-block-heading\">Pr\u00f3b\u00e1lj\u00e1tok ki a FoodbanGo-t!<\/h4>\n\n\n\n\n\n<h2 class=\"has-text-align-center wp-block-heading\"> <\/h2>\n\n\n\n<p><\/p>\n\n\n\n<h3 class=\"wp-block-heading\">Mi az a FoodbanGo?<\/h3>\n\n\n\n<p>Az <a href=\"http:\/\/www.elelmiszerbank.hu\">\u00c9lelmiszerbank<\/a> \u00e9s az Urbango \u00e1ltal k\u00f6z\u00f6sen fejlesztett j\u00e1t\u00e9k egy k\u00fcl\u00f6nleges programot k\u00edn\u00e1l, mely egy szeml\u00e9letform\u00e1l\u00e1ssal \u00f6tv\u00f6z\u00f6tt kincskeres\u0151 kaland. Izgalmas feladatokkal f\u0171szerezett j\u00e1t\u00e9k, mely a csapattagokat arra \u00f6szt\u00f6k\u00e9li, hogy k\u00f6z\u00f6sen gondolkodjanak, mik\u00f6zben \u201e\u00e9szrev\u00e9tlen\u00fcl\u201d magukba sz\u00edvj\u00e1k a h\u00e1ztart\u00e1si \u00e9lelmiszerpazarl\u00e1s cs\u00f6kkent\u00e9s\u00e9hez kapcsol\u00f3d\u00f3 hasznos tudnival\u00f3kat.<\/p>\n\n\n\n<h3 class=\"wp-block-heading\">Hogyan m\u0171k\u00f6dik?<\/h3>\n\n\n\n<p>A r\u00e9sztvev\u0151k 4-8 f\u0151s csapatokat alkotva k\u00fczdenek meg a feladatokkal. A j\u00e1t\u00e9k elej\u00e9n a csapatok kapnak egy csomagot, amely a kincskeres\u0151 felszerel\u00e9seket tartalmazza.&nbsp; Ebben sok minden megtal\u00e1lhat\u00f3: inform\u00e1ci\u00f3s anyagok az \u00e9lelmiszerpazarl\u00e1s cs\u00f6kkent\u00e9s\u00e9r\u0151l, t\u00e9rk\u00e9p, \u00e9s olyan t\u00e1rgyak is, amelyek eleinte ak\u00e1r feleslegesnek is t\u0171nhetnek, de a j\u00e1t\u00e9k sor\u00e1n v\u00e9g\u00fcl mindenre sz\u00fcks\u00e9g lesz. <\/p>\n\n\n\n<p>A feladatok logikai jelleg\u0171ek, de a feladatok megold\u00e1sa k\u00f6zben fontos inform\u00e1ci\u00f3kat illetve hasznos tippeket, tr\u00fckk\u00f6ket is \u00e1tadunk a r\u00e9sztvev\u0151knek, melyek seg\u00edts\u00e9g\u00e9vel cs\u00f6kkenteni tudj\u00e1k a saj\u00e1t h\u00e1ztart\u00e1sukban keletkez\u0151 \u00e9lelmiszerhullad\u00e9kok mennyis\u00e9g\u00e9t. A kincskeres\u00e9shez a csapatok t\u00e1j\u00e9koz\u00f3d\u00e1si tud\u00e1s\u00e1ra is sz\u00fcks\u00e9g lesz, mivel a feladatok megold\u00e1s\u00e1hoz a t\u00e9rk\u00e9p \u00e9s n\u00e9h\u00e1ny inform\u00e1ci\u00f3 seg\u00edts\u00e9g\u00e9vel az esem\u00e9ny ter\u00fclet\u00e9n meg kell tal\u00e1lni bizonyos pontokat, ahol el\u0151z\u0151leg k\u00fcl\u00f6nb\u00f6z\u0151 tr\u00fckk\u00f6s eszk\u00f6z\u00f6ket helyez\u00fcnk el.<\/p>\n\n\n\n<h3 class=\"wp-block-heading\">Hol lehet j\u00e1tszani?<\/h3>\n\n\n\n<p>A j\u00e1t\u00e9kot tetsz\u0151leges helysz\u00ednen meg tudjuk val\u00f3s\u00edtani, ak\u00e1r k\u00fclt\u00e9ren, vagy ak\u00e1r a c\u00e9g saj\u00e1t irodai k\u00f6rnyezet\u00e9ben is.<\/p>\n\n\n\n<h3 class=\"wp-block-heading\">H\u00e1nyan vehetnek r\u00e9szt a j\u00e1t\u00e9kban?<\/h3>\n\n\n\n<p>A FoodbanGo-t minimum 30 f\u0151t\u0151l aj\u00e1nljuk, de ak\u00e1r t\u00f6bb sz\u00e1z f\u0151s l\u00e9tsz\u00e1mra is meg tudjuk szervezni.<\/p>\n\n\n\n<h3 class=\"wp-block-heading\">Kinek aj\u00e1nljuk \u00e9s milyen alkalomra?<\/h3>\n\n\n\n<p>A FoodbanGo lehet egy \u00f6n\u00e1ll\u00f3 f\u00e9lnapos csapat\u00e9p\u00edt\u0151 program, de lehet egy eleme nagyobb rendezv\u00e9nyeknek, fesztiv\u00e1loknak, csal\u00e1di napoknak is. A j\u00e1t\u00e9khoz az \u00c9lelmiszerbank J\u00f3t\u00e9Konyha nev\u0171 t\u00e1rsadalmi v\u00e1llalkoz\u00e1sa ak\u00e1r cateringet is tud biztos\u00edtani a r\u00e9sztvev\u0151k sz\u00e1m\u00e1ra.<\/p>\n\n\n\n<p><\/p>","protected":false},"excerpt":{"rendered":"<p>C\u00e9ges rendezv\u00e9nyhez kerestek egy izgalmas programot? A c\u00e9ges csapat\u00e9p\u00edt\u00e9st szeretn\u00e9tek szeml\u00e9letform\u00e1l\u00e1ssal is \u00f6tv\u00f6zni? Pr\u00f3b\u00e1lj\u00e1tok ki a FoodbanGo-t! Mi az a FoodbanGo? Az \u00c9lelmiszerbank \u00e9s az Urbango \u00e1ltal k\u00f6z\u00f6sen fejlesztett j\u00e1t\u00e9k egy k\u00fcl\u00f6nleges programot k\u00edn\u00e1l, mely egy szeml\u00e9letform\u00e1l\u00e1ssal \u00f6tv\u00f6z\u00f6tt kincskeres\u0151 kaland. Izgalmas feladatokkal f\u0171szerezett j\u00e1t\u00e9k, mely a csapattagokat arra \u00f6szt\u00f6k\u00e9li, hogy k\u00f6z\u00f6sen gondolkodjanak, mik\u00f6zben \u201e\u00e9szrev\u00e9tlen\u00fcl\u201d magukba [&hellip;]<\/p>","protected":false},"author":1,"featured_media":0,"parent":0,"menu_order":0,"comment_status":"closed","ping_status":"closed","template":"foodbango.php","meta":{"_acf_changed":false,"footnotes":""},"class_list":["post-58788","page","type-page","status-publish","hentry"],"acf":[],"_links":{"self":[{"href":"https:\/\/urbango.hu\/en\/wp-json\/wp\/v2\/pages\/58788","targetHints":{"allow":["GET"]}}],"collection":[{"href":"https:\/\/urbango.hu\/en\/wp-json\/wp\/v2\/pages"}],"about":[{"href":"https:\/\/urbango.hu\/en\/wp-json\/wp\/v2\/types\/page"}],"author":[{"embeddable":true,"href":"https:\/\/urbango.hu\/en\/wp-json\/wp\/v2\/users\/1"}],"replies":[{"embeddable":true,"href":"https:\/\/urbango.hu\/en\/wp-json\/wp\/v2\/comments?post=58788"}],"version-history":[{"count":8,"href":"https:\/\/urbango.hu\/en\/wp-json\/wp\/v2\/pages\/58788\/revisions"}],"predecessor-version":[{"id":61251,"href":"https:\/\/urbango.hu\/en\/wp-json\/wp\/v2\/pages\/58788\/revisions\/61251"}],"wp:attachment":[{"href":"https:\/\/urbango.hu\/en\/wp-json\/wp\/v2\/media?parent=58788"}],"curies":[{"name":"wp","href":"https:\/\/api.w.org\/{rel}","templated":true}]}}