{"id":53749,"date":"2021-10-25T16:38:39","date_gmt":"2021-10-25T14:38:39","guid":{"rendered":"https:\/\/urbango.hu\/?page_id=53749"},"modified":"2025-11-22T17:53:20","modified_gmt":"2025-11-22T16:53:20","slug":"adventgo","status":"publish","type":"page","link":"https:\/\/urbango.hu\/en\/adventgo\/","title":{"rendered":"AdventGo"},"content":{"rendered":"<h4 class=\"wp-block-heading has-text-align-center\">AdventGo 2025<br>A kar\u00e1csonyi kaland, amit az eg\u00e9sz csal\u00e1d im\u00e1dni fog!<\/h4>\n\n\n\n<h1 class=\"wp-block-heading has-text-align-center\">Idei adventgo-k elfogytak!!!!!!<\/h1>\n\n\n\n<p class=\"wp-block-heading has-text-align-center\">\n<span class=\"button big\">\n<a href=\"#xmasgo\">Megrendelem most<\/a>\n<\/span>\n<\/p>\n\n\n\n<p><\/p>\n\n\n\n<figure class=\"wp-block-gallery has-nested-images columns-default is-cropped wp-block-gallery-1 is-layout-flex wp-block-gallery-is-layout-flex\">\n<figure class=\"wp-block-image size-large\"><img loading=\"lazy\" decoding=\"async\" width=\"1024\" height=\"683\" data-id=\"73470\" src=\"https:\/\/urbango.hu\/wp-content\/uploads\/2025\/10\/K0A4790-1024x683.jpg\" alt=\"\" class=\"wp-image-73470\" srcset=\"https:\/\/urbango.hu\/wp-content\/uploads\/2025\/10\/K0A4790-1024x683.jpg 1024w, https:\/\/urbango.hu\/wp-content\/uploads\/2025\/10\/K0A4790-300x200.jpg 300w, https:\/\/urbango.hu\/wp-content\/uploads\/2025\/10\/K0A4790-768x512.jpg 768w, https:\/\/urbango.hu\/wp-content\/uploads\/2025\/10\/K0A4790-1536x1024.jpg 1536w, https:\/\/urbango.hu\/wp-content\/uploads\/2025\/10\/K0A4790-2048x1365.jpg 2048w, https:\/\/urbango.hu\/wp-content\/uploads\/2025\/10\/K0A4790-18x12.jpg 18w\" sizes=\"auto, (max-width: 1024px) 100vw, 1024px\" \/><\/figure>\n\n\n\n<figure class=\"wp-block-image size-large\"><img loading=\"lazy\" decoding=\"async\" width=\"1024\" height=\"683\" data-id=\"73469\" src=\"https:\/\/urbango.hu\/wp-content\/uploads\/2025\/10\/K0A4794-1024x683.jpg\" alt=\"\" class=\"wp-image-73469\" srcset=\"https:\/\/urbango.hu\/wp-content\/uploads\/2025\/10\/K0A4794-1024x683.jpg 1024w, https:\/\/urbango.hu\/wp-content\/uploads\/2025\/10\/K0A4794-300x200.jpg 300w, https:\/\/urbango.hu\/wp-content\/uploads\/2025\/10\/K0A4794-768x512.jpg 768w, https:\/\/urbango.hu\/wp-content\/uploads\/2025\/10\/K0A4794-1536x1024.jpg 1536w, https:\/\/urbango.hu\/wp-content\/uploads\/2025\/10\/K0A4794-2048x1365.jpg 2048w, https:\/\/urbango.hu\/wp-content\/uploads\/2025\/10\/K0A4794-18x12.jpg 18w\" sizes=\"auto, (max-width: 1024px) 100vw, 1024px\" \/><\/figure>\n\n\n\n<figure class=\"wp-block-image size-large\"><img loading=\"lazy\" decoding=\"async\" width=\"1024\" height=\"683\" data-id=\"73473\" src=\"https:\/\/urbango.hu\/wp-content\/uploads\/2025\/10\/K0A4762-1024x683.jpg\" alt=\"\" class=\"wp-image-73473\" srcset=\"https:\/\/urbango.hu\/wp-content\/uploads\/2025\/10\/K0A4762-1024x683.jpg 1024w, https:\/\/urbango.hu\/wp-content\/uploads\/2025\/10\/K0A4762-300x200.jpg 300w, https:\/\/urbango.hu\/wp-content\/uploads\/2025\/10\/K0A4762-768x512.jpg 768w, https:\/\/urbango.hu\/wp-content\/uploads\/2025\/10\/K0A4762-1536x1024.jpg 1536w, https:\/\/urbango.hu\/wp-content\/uploads\/2025\/10\/K0A4762-2048x1365.jpg 2048w, https:\/\/urbango.hu\/wp-content\/uploads\/2025\/10\/K0A4762-18x12.jpg 18w\" sizes=\"auto, (max-width: 1024px) 100vw, 1024px\" \/><\/figure>\n<\/figure>\n\n\n\n<p><\/p>\n\n\n\n<p>K\u00e9pzeld el, hogy id\u00e9n decemberben minden nap nem csup\u00e1n egy csoki v\u00e1rja a gyerekeket \u2013 hanem egy k\u00fcl\u00f6nleges feladat, egy titkos \u00fczenet vagy egy izgalmas felfedeznival\u00f3, amit napr\u00f3l napra megoldhatnak.<br>Ez az AdventGo: az interakt\u00edv adventi \u00e9lm\u00e9ny, ahol a gyerekek nemcsak v\u00e1rj\u00e1k a kar\u00e1csonyt, hanem minden nap egy \u00faj t\u00f6rt\u00e9net r\u00e9sz\u00e9v\u00e9 v\u00e1lnak.<br>\u00c9s ami a legjobb: teljesen \u00faj feladv\u00e1nyokkal, friss t\u00f6rt\u00e9nettel \u00e9s egy vadonat\u00faj adventi v\u00e1rossal k\u00e9sz\u00fclt\u00fcnk az idei \u00e9vre is.<\/p>\n\n\n\n<h3 class=\"wp-block-heading\">Hogyan m\u0171k\u00f6dik?<\/h3>\n\n\n\n<p><strong>1. Rendeld meg az AdventGo csomagot!<\/strong><br>A doboz mindent tartalmaz, amire az adventi kalandhoz sz\u00fcks\u00e9getek lesz: 24 lez\u00e1rt bor\u00edt\u00e9kot napi feladatokkal \u00e9s \u00fczenetekkel,&nbsp;egy var\u00e1zsir\u00e1nyt\u0171t a titkos jelek beazonos\u00edt\u00e1s\u00e1hoz,egy adag csokit (Celebrations), ami egy f\u0151nek elegend\u0151 24 napra, egy gy\u00f6ny\u00f6r\u0171 egyedi adventi v\u00e1rosk\u00e9p j\u00e1t\u00e9kt\u00e1bl\u00e1t, amely az idei t\u00f6rt\u00e9net k\u00f6zponti helysz\u00edne, egy r\u00e9szletes sz\u00fcl\u0151i \u00fatmutat\u00f3t a j\u00e1t\u00e9k el\u0151k\u00e9sz\u00edt\u00e9s\u00e9hez, valamint egy megold\u00f3kulcsot, ha valamelyik&nbsp;feladv\u00e1nyn\u00e1l&nbsp;elakadn\u00e1tok.<\/p>\n\n\n\n<p><strong>2. K\u00e9sz\u00edts\u00e9tek ki december 1-j\u00e9n az els\u0151 bor\u00edt\u00e9kot!<\/strong><br>Minden bor\u00edt\u00e9kban egy&nbsp;feladat vagy titkos \u00fczenet&nbsp;v\u00e1rja majd a gyerekeket \u2013 j\u00e1t\u00e9kos, kreat\u00edv, t\u00f6bbl\u00e9pcs\u0151s kih\u00edv\u00e1sokkal, amelyeket a gyerekek \u00f6n\u00e1ll\u00f3an is meg tudnak oldani.<\/p>\n\n\n\n<p><strong>3. A gyerekek megoldj\u00e1k a napi feladatokat.<\/strong><br>A feladv\u00e1nyokhoz nincs sz\u00fcks\u00e9g semmilyen k\u00fcl\u00f6n eszk\u00f6zre. A bor\u00edt\u00e9kok gyakran izgalmas kieg\u00e9sz\u00edt\u0151ket is tartalmaznak, \u00e9s id\u00e9n is k\u00e9sz\u00fclt egy gy\u00f6ny\u00f6r\u0171, A\/3-as m\u00e9ret\u0171 j\u00e1t\u00e9klap, amely egy var\u00e1zslatos adventi v\u00e1rosk\u00e1t \u00e1br\u00e1zol.<br>Ez a v\u00e1roska az idei t\u00f6rt\u00e9net k\u00f6zponti helysz\u00edne, \u00e9s fontos szerepet j\u00e1tszik a napi rejtv\u00e9nyek megold\u00e1s\u00e1ban.<\/p>\n\n\n\n<p><strong>4. \u00c9lvezz\u00e9tek egy\u00fctt az adventi napokat!<\/strong><br>Ahogy telnek a napok, a gyerekek egyre izgatottabban v\u00e1rj\u00e1k a k\u00f6vetkez\u0151 bor\u00edt\u00e9kot \u2013 \u00e9s&nbsp;minden&nbsp;nap&nbsp;\u00fajabb apr\u00f3 siker\u00e9lm\u00e9nyt \u00e9lnek \u00e1t.<\/p>\n\n\n\n<h3 class=\"wp-block-heading\">Mi\u00e9rt im\u00e1dj\u00e1k a csal\u00e1dok az AdventGo-t?<\/h3>\n\n\n\n<p>Minden nap \u00faj var\u00e1zslat:&nbsp;egy&nbsp;\u00faj \u00e9lm\u00e9ny, amit a gyerekek alig v\u00e1rnak.<br>Egyed\u00fcl is j\u00e1tszhat\u00f3: a feladatokat a gyerekek \u00f6n\u00e1ll\u00f3an is megoldj\u00e1k, de k\u00f6z\u00f6sen is szuper program.<br>Maradand\u00f3 eml\u00e9k: ezek azok a pillanatok, amiket \u00e9vek m\u00falt\u00e1n is emlegetni fogtok.<\/p>\n\n\n\n<p>\u201eOlyan j\u00f3 volt l\u00e1tni a csillog\u00e1st a gyerekeim szem\u00e9ben. Egyedi, izgalmas \u00e9s t\u00e9nyleg hi\u00e1nyp\u00f3tl\u00f3!\u201d<\/p>\n\n\n\n<h3 class=\"wp-block-heading\"><\/h3>\n\n\n\n<figure class=\"wp-block-gallery has-nested-images columns-default is-cropped wp-block-gallery-2 is-layout-flex wp-block-gallery-is-layout-flex\">\n<figure class=\"wp-block-image size-large\"><img loading=\"lazy\" decoding=\"async\" width=\"1024\" height=\"683\" data-id=\"73477\" src=\"https:\/\/urbango.hu\/wp-content\/uploads\/2025\/10\/K0A4514-1024x683.jpg\" alt=\"\" class=\"wp-image-73477\" srcset=\"https:\/\/urbango.hu\/wp-content\/uploads\/2025\/10\/K0A4514-1024x683.jpg 1024w, https:\/\/urbango.hu\/wp-content\/uploads\/2025\/10\/K0A4514-300x200.jpg 300w, https:\/\/urbango.hu\/wp-content\/uploads\/2025\/10\/K0A4514-768x512.jpg 768w, https:\/\/urbango.hu\/wp-content\/uploads\/2025\/10\/K0A4514-1536x1024.jpg 1536w, https:\/\/urbango.hu\/wp-content\/uploads\/2025\/10\/K0A4514-2048x1365.jpg 2048w, https:\/\/urbango.hu\/wp-content\/uploads\/2025\/10\/K0A4514-18x12.jpg 18w\" sizes=\"auto, (max-width: 1024px) 100vw, 1024px\" \/><\/figure>\n\n\n\n<figure class=\"wp-block-image size-large\"><img loading=\"lazy\" decoding=\"async\" width=\"1024\" height=\"683\" data-id=\"73476\" src=\"https:\/\/urbango.hu\/wp-content\/uploads\/2025\/10\/K0A4683-1024x683.jpg\" alt=\"\" class=\"wp-image-73476\" srcset=\"https:\/\/urbango.hu\/wp-content\/uploads\/2025\/10\/K0A4683-1024x683.jpg 1024w, https:\/\/urbango.hu\/wp-content\/uploads\/2025\/10\/K0A4683-300x200.jpg 300w, https:\/\/urbango.hu\/wp-content\/uploads\/2025\/10\/K0A4683-768x512.jpg 768w, https:\/\/urbango.hu\/wp-content\/uploads\/2025\/10\/K0A4683-1536x1024.jpg 1536w, https:\/\/urbango.hu\/wp-content\/uploads\/2025\/10\/K0A4683-2048x1365.jpg 2048w, https:\/\/urbango.hu\/wp-content\/uploads\/2025\/10\/K0A4683-18x12.jpg 18w\" sizes=\"auto, (max-width: 1024px) 100vw, 1024px\" \/><\/figure>\n<\/figure>\n\n\n\n<h3 class=\"wp-block-heading\">Kiknek aj\u00e1nljuk?<\/h3>\n\n\n\n<p>Az AdventGo-t azoknak tal\u00e1ltuk ki, akik \u00e9lm\u00e9nyekkel szeretn\u00e9nek k\u00e9sz\u00fclni az \u00fcnnepre.<br>T\u00f6k\u00e9letes v\u00e1laszt\u00e1s csal\u00e1doknak, p\u00e1roknak \u00e9s 8 \u00e9v feletti gyerekeknek \u2013 mindenkinek, aki nem csup\u00e1n aj\u00e1nd\u00e9kot, hanem igazi adventi \u00e9lm\u00e9nyt keres.<\/p>\n\n\n\n<p>A mell\u00e9kelt csomag egy f\u0151nek elegend\u0151 24 napra, de ha t\u00f6bben j\u00e1tszotok, csak a napi \u201ekincsekr\u0151l\u201d kell&nbsp;gondoskodnotok.<\/p>\n\n\n<div class=\"wp-block-image\">\n<figure class=\"alignright size-large is-resized\"><img loading=\"lazy\" decoding=\"async\" width=\"1024\" height=\"683\" src=\"https:\/\/urbango.hu\/wp-content\/uploads\/2025\/10\/K0A4740-1024x683.jpg\" alt=\"\" class=\"wp-image-73474\" style=\"width:392px;height:auto\" srcset=\"https:\/\/urbango.hu\/wp-content\/uploads\/2025\/10\/K0A4740-1024x683.jpg 1024w, https:\/\/urbango.hu\/wp-content\/uploads\/2025\/10\/K0A4740-300x200.jpg 300w, https:\/\/urbango.hu\/wp-content\/uploads\/2025\/10\/K0A4740-768x512.jpg 768w, https:\/\/urbango.hu\/wp-content\/uploads\/2025\/10\/K0A4740-1536x1024.jpg 1536w, https:\/\/urbango.hu\/wp-content\/uploads\/2025\/10\/K0A4740-2048x1365.jpg 2048w, https:\/\/urbango.hu\/wp-content\/uploads\/2025\/10\/K0A4740-18x12.jpg 18w\" sizes=\"auto, (max-width: 1024px) 100vw, 1024px\" \/><\/figure>\n<\/div>\n\n\n<h3 class=\"wp-block-heading\">Limit\u00e1lt kiad\u00e1s \u2013 csak r\u00f6vid ideig el\u00e9rhet\u0151!<\/h3>\n\n\n\n<p>Az AdventGo minden \u00e9vben&nbsp;egyedileg,&nbsp;korl\u00e1tozott mennyis\u00e9gbenk\u00e9sz\u00fcl, \u00e9s gyorsan elfogy.<\/p>\n\n\n\n<p>Ne hagyd az utols\u00f3 pillanatra \u2013 rendeld meg id\u0151ben, \u00e9s biztos\u00edtsd be az idei kar\u00e1csonyi \u00e9lm\u00e9nyt!<\/p>\n\n\n\n<h3 class=\"wp-block-heading\">K\u00e9szen \u00e1lltok az idei adventi \u00e9lm\u00e9nyre?<\/h3>\n\n\n\n<p>Rendeld meg most az AdventGo 2025-\u00f6t, \u00e9s tedd az idei adventet felejthetetlenn\u00e9 \u2013 j\u00e1t\u00e9kkal, nevet\u00e9ssel \u00e9s var\u00e1zslattal minden nap.<\/p>\n\n\n\n<h3 class=\"wp-block-heading\">\u00c1r \u00e9s sz\u00e1ll\u00edt\u00e1s<\/h3>\n\n\n\n<p><strong><em>Az AdventGo 2025 csomag \u00e1ra 26 000 Ft, amely tartalmazza a Foxpost sz\u00e1ll\u00edt\u00e1si d\u00edj\u00e1t i<\/em>s<\/strong> \u2013 nincs rejtett k\u00f6lts\u00e9g, nincs ut\u00e1nv\u00e9t, csak egy nagy adventi\u00a0 \u00e9lm\u00e9ny a dobozban.<\/p>\n\n\n\n<h3 class=\"wp-block-heading\">Csal\u00e1dok \u00e9s j\u00e1t\u00e9kosok mondt\u00e1k r\u00f3lunk<\/h3>\n\n\n\n<p>T\u00f6bb sz\u00e1z csal\u00e1d j\u00e1tszotta v\u00e9gig az AdventGo-t az elm\u00falt \u00e9vekben \u2013 \u00edme n\u00e9h\u00e1ny kedvenc visszajelz\u00e9s\u00fck.<\/p>\n\n\n\n<p>\u201eElk\u00e9peszt\u0151en tetszett a gyerekeknek, im\u00e1dt\u00e1k. Az volt a trag\u00e9dia, hogy 24-\u00e9n v\u00e9ge lett!\u201d<\/p>\n\n\n\n<p>\u201eF\u00e9rjem (50 \u00e9ves!!!) a 9 \u00e9ves kisfiammal oldotta meg a feladatokat, nagyon \u00e9lvezt\u00e9k a k\u00f6z\u00f6s kincskeres\u00e9st nap mint nap.\u201d<\/p>\n\n\n\n<p>\u201eNincs gyerek\u00fcnk, magunknak vett\u00fck, \u00e9s minden reggel ezzel ind\u00edtottuk a napot. J\u00f3 m\u00f3ka volt, istenien feldobta a decembert.\u201d<\/p>\n\n\n\n<h2 class=\"wp-block-heading\">Az Adventgo-k elfogytak, k\u00e9rlek ne rendeljetek a tov\u00e1bbiakban!! <\/h2>\n\n\n\n<h2 class=\"wp-block-heading\">J\u00f6v\u0151re t\u00f6bbel k\u00e9sz\u00fcl\u00fcnk \u00edg\u00e9rj\u00fck! \ud83d\ude42<\/h2>\n\n\n\n<p><br><\/p>","protected":false},"excerpt":{"rendered":"<p>AdventGo 2025A kar\u00e1csonyi kaland, amit az eg\u00e9sz csal\u00e1d im\u00e1dni fog! Idei adventgo-k elfogytak!!!!!! Megrendelem most K\u00e9pzeld el, hogy id\u00e9n decemberben minden nap nem csup\u00e1n egy csoki v\u00e1rja a gyerekeket \u2013 hanem egy k\u00fcl\u00f6nleges feladat, egy titkos \u00fczenet vagy egy izgalmas felfedeznival\u00f3, amit napr\u00f3l napra megoldhatnak.Ez az AdventGo: az interakt\u00edv adventi \u00e9lm\u00e9ny, ahol a gyerekek nemcsak [&hellip;]<\/p>","protected":false},"author":1,"featured_media":73472,"parent":0,"menu_order":0,"comment_status":"closed","ping_status":"closed","template":"xmasgo.php","meta":{"_acf_changed":false,"footnotes":""},"class_list":["post-53749","page","type-page","status-publish","has-post-thumbnail","hentry"],"acf":[],"_links":{"self":[{"href":"https:\/\/urbango.hu\/en\/wp-json\/wp\/v2\/pages\/53749","targetHints":{"allow":["GET"]}}],"collection":[{"href":"https:\/\/urbango.hu\/en\/wp-json\/wp\/v2\/pages"}],"about":[{"href":"https:\/\/urbango.hu\/en\/wp-json\/wp\/v2\/types\/page"}],"author":[{"embeddable":true,"href":"https:\/\/urbango.hu\/en\/wp-json\/wp\/v2\/users\/1"}],"replies":[{"embeddable":true,"href":"https:\/\/urbango.hu\/en\/wp-json\/wp\/v2\/comments?post=53749"}],"version-history":[{"count":106,"href":"https:\/\/urbango.hu\/en\/wp-json\/wp\/v2\/pages\/53749\/revisions"}],"predecessor-version":[{"id":73590,"href":"https:\/\/urbango.hu\/en\/wp-json\/wp\/v2\/pages\/53749\/revisions\/73590"}],"wp:featuredmedia":[{"embeddable":true,"href":"https:\/\/urbango.hu\/en\/wp-json\/wp\/v2\/media\/73472"}],"wp:attachment":[{"href":"https:\/\/urbango.hu\/en\/wp-json\/wp\/v2\/media?parent=53749"}],"curies":[{"name":"wp","href":"https:\/\/api.w.org\/{rel}","templated":true}]}}