{"id":38,"date":"2019-10-08T11:08:56","date_gmt":"2019-10-08T09:08:56","guid":{"rendered":"https:\/\/urbango.hu\/?page_id=38"},"modified":"2026-01-05T12:33:34","modified_gmt":"2026-01-05T11:33:34","slug":"ajandekutalvany","status":"publish","type":"page","link":"https:\/\/urbango.hu\/en\/ajandekutalvany\/","title":{"rendered":"Gift Voucher"},"content":{"rendered":"<h2 class=\"wp-block-heading has-text-align-center\"><strong style=\"    color: #5ccbc0;\">Experience of a lifetime <\/strong><\/h2>\n\n\n\n<p><strong style=\"    color: #206f8c;    font-size: 16px;\">Bring joy to up to 7 family members, acquaintances, or friends at once for only 25,000 HUF!<\/strong><\/p>\n\n\n\n\n\n\n\n<h3 class=\"wp-block-heading\"><strong>What is Urbango?  <\/strong><\/h3>\n\n\n\n<p>UrbanGo is double fun with no strings attached: an outdoor escape game and treasure trail with no time limit.\nUrbanGo gives you the joy of playfulness, adventure and exploration, experiences we crave as adults, but rarely have the time or space for them in our lives. It is more exciting than sitting in the movies because you are cracking the clues together while discovering the city in a way you\u2019ve never seen it before. No Google or lexical knowledge needed to solve the puzzles, only logic and collaboration. Do you know where the witches were burned? Where does Minerva, the goddess of city protection, hide her enormous statue? Did you know that the Tunnel also has a resident? Perhaps you have passed by a place a thousand times, but now you can learn something about it that you never even dreamed of. You might have passed these places a thousand times, but finally you\u2019ll learn something about them you could never have imagined.<\/p>\n\n\n\n<p class=\"has-vivid-cyan-blue-color has-text-color\"><strong style=\"    color: #206f8c;    font-size: 16px;\">It's a great form of entertainment with friends, family, or colleagues. In just a few hours, you'll take a nice walk, and explore the most beautiful parts of the city while solving exciting puzzles along the way. And if you feel like it, you can even make a stop for some ice cream or beer.<\/strong><\/p>\n\n\n\n<p>There\u2019s no better surprise for a birthday, Christmas, anniversary or for any other special occasion than an UrbanGo gift voucher that gives people the joy of adventure, playfulness, and exploration.<\/p>\n\n\n\n<p class=\"has-vivid-cyan-blue-color has-text-color\"><strong style=\"    color: #206f8c;    font-size: 16px;\">What\u2019s more, this voucher has a special power: it never expires! Your family, friends or colleagues don\u2019t have to worry about deadlines. They can come and play whenever it suits them. (The maximum number of people that can use a voucher is 7.)<\/strong><\/p>\n\n\n\n<p>We\u2019ll issue the voucher in pdf right away, but you can only use it after you\u2019ve paid for it.<\/p>\n\n\n\n<h3 class=\"wp-block-heading has-text-color\" style=\"color:#5ccbc0\"><\/h3>\n\n\n\n<p><\/p>\n\n\n\n<h3 class=\"wp-block-heading\"><strong>Let the adventure begin!<\/strong><\/h3>","protected":false},"excerpt":{"rendered":"<p>Kincset \u00e9r\u0151 \u00e9lm\u00e9nyt aj\u00e1nd\u00e9kba? Szerezz \u00f6r\u00f6met egyszerre ak\u00e1r 7 csal\u00e1dtagnak, ismer\u0151snek vagy bar\u00e1tnak 25.000 Ft-\u00e9rt! Hogy mi az Urbango? Egyszerre szabadul\u00f3szoba \u00e9s kincsvad\u00e1szat szabad leveg\u0151n, k\u00f6t\u00f6tts\u00e9gek n\u00e9lk\u00fcl! Az Urbango a j\u00e1t\u00e9koss\u00e1g, \u00f6r\u00f6m, izgalom, \u00e9s felfedez\u00e9s \u00e9lm\u00e9ny\u00e9t ny\u00fajtja, amire feln\u0151ttk\u00e9nt m\u00e9g ink\u00e1bb ig\u00e9ny\u00fcnk van, de nem gyakran engedj\u00fck meg magunknak. Izgalmasabb, mint a mozi, mert egy\u00fctt [&hellip;]<\/p>","protected":false},"author":1,"featured_media":0,"parent":0,"menu_order":0,"comment_status":"closed","ping_status":"closed","template":"voucher.php","meta":{"_acf_changed":false,"footnotes":""},"class_list":["post-38","page","type-page","status-publish","hentry"],"acf":[],"_links":{"self":[{"href":"https:\/\/urbango.hu\/en\/wp-json\/wp\/v2\/pages\/38","targetHints":{"allow":["GET"]}}],"collection":[{"href":"https:\/\/urbango.hu\/en\/wp-json\/wp\/v2\/pages"}],"about":[{"href":"https:\/\/urbango.hu\/en\/wp-json\/wp\/v2\/types\/page"}],"author":[{"embeddable":true,"href":"https:\/\/urbango.hu\/en\/wp-json\/wp\/v2\/users\/1"}],"replies":[{"embeddable":true,"href":"https:\/\/urbango.hu\/en\/wp-json\/wp\/v2\/comments?post=38"}],"version-history":[{"count":127,"href":"https:\/\/urbango.hu\/en\/wp-json\/wp\/v2\/pages\/38\/revisions"}],"predecessor-version":[{"id":73847,"href":"https:\/\/urbango.hu\/en\/wp-json\/wp\/v2\/pages\/38\/revisions\/73847"}],"wp:attachment":[{"href":"https:\/\/urbango.hu\/en\/wp-json\/wp\/v2\/media?parent=38"}],"curies":[{"name":"wp","href":"https:\/\/api.w.org\/{rel}","templated":true}]}}