{"id":36,"date":"2019-10-09T11:08:26","date_gmt":"2019-10-09T09:08:26","guid":{"rendered":"https:\/\/urbango.hu\/?page_id=36"},"modified":"2023-11-28T11:15:33","modified_gmt":"2023-11-28T10:15:33","slug":"nagy-csapatok","status":"publish","type":"page","link":"https:\/\/urbango.hu\/en\/egyedi-foglalasok\/nagy-csapatok\/","title":{"rendered":"Large Groups"},"content":{"rendered":"<h2 class=\"wp-block-heading\">Large Groups<\/h2>\n\n\n\n<p>If it\u2019s more than 10 people, you can only play in more than one group. Please fill\nout the form below and we\u2019ll send you a bespoke offer.<\/p>\n\n\n\n<p>If you are coming in a group of 8-10 people, please start your booking process the same as normal sized groups and then select the number of participants. But be aware that in this case, our game costs HUF 28.000.<\/p>","protected":false},"excerpt":{"rendered":"<p>Nagy csapatok Ha 10-n\u00e9l t\u00f6bben vagytok, akkor t\u00f6bb csapatban tudtok j\u00e1tszani. T\u00f6ltsd ki az al\u00e1bbi \u0171rlapot, hogy elk\u00fcldhess\u00fck az egyedi aj\u00e1nlatunkat. Ha 8-10 f\u0151vel j\u00f6nn\u00e9tek, foglaljatok a norm\u00e1l foglal\u00e1s szerint, megadva a megfelel\u0151 l\u00e9tsz\u00e1mot. A j\u00e1t\u00e9k \u00e1ra ebben az esetben 28.000 Ft.<\/p>","protected":false},"author":1,"featured_media":0,"parent":28,"menu_order":2,"comment_status":"closed","ping_status":"closed","template":"","meta":{"_acf_changed":false,"footnotes":""},"class_list":["post-36","page","type-page","status-publish","hentry"],"acf":[],"_links":{"self":[{"href":"https:\/\/urbango.hu\/en\/wp-json\/wp\/v2\/pages\/36","targetHints":{"allow":["GET"]}}],"collection":[{"href":"https:\/\/urbango.hu\/en\/wp-json\/wp\/v2\/pages"}],"about":[{"href":"https:\/\/urbango.hu\/en\/wp-json\/wp\/v2\/types\/page"}],"author":[{"embeddable":true,"href":"https:\/\/urbango.hu\/en\/wp-json\/wp\/v2\/users\/1"}],"replies":[{"embeddable":true,"href":"https:\/\/urbango.hu\/en\/wp-json\/wp\/v2\/comments?post=36"}],"version-history":[{"count":7,"href":"https:\/\/urbango.hu\/en\/wp-json\/wp\/v2\/pages\/36\/revisions"}],"predecessor-version":[{"id":70949,"href":"https:\/\/urbango.hu\/en\/wp-json\/wp\/v2\/pages\/36\/revisions\/70949"}],"up":[{"embeddable":true,"href":"https:\/\/urbango.hu\/en\/wp-json\/wp\/v2\/pages\/28"}],"wp:attachment":[{"href":"https:\/\/urbango.hu\/en\/wp-json\/wp\/v2\/media?parent=36"}],"curies":[{"name":"wp","href":"https:\/\/api.w.org\/{rel}","templated":true}]}}