{"id":34,"date":"2019-10-10T11:08:13","date_gmt":"2019-10-10T09:08:13","guid":{"rendered":"https:\/\/urbango.hu\/?page_id=34"},"modified":"2021-07-09T19:55:55","modified_gmt":"2021-07-09T17:55:55","slug":"iskolaknak","status":"publish","type":"page","link":"https:\/\/urbango.hu\/en\/egyedi-foglalasok\/iskolaknak\/","title":{"rendered":"Schools"},"content":{"rendered":"<h2 class=\"wp-block-heading\">Schools<\/h2>\n\n\n\n<p>Do you have a day off from school? Are you longing for a special class trip? Do you feel like playfully exploring and getting to know different cities?<\/p>\n\n\n\n<p>Then why not go on an urban treasure hunt?<\/p>\n\n\n\n<p>Classes compete with each other in small teams (6-10 members). Teamwork is essential for completing the tour as quickly as possible. Instead of rushing, calm thinking, involving as many team members as possible in solving tasks, listening to each other's ideas, and continuously sharing information form the basis of the winning strategy. The children will discover the landmarks and interesting facts of the cities in an adventurous way.<\/p>\n\n\n\n<p>Depending on the location, the class program can be initiated every hour between 8:00 AM and 6:00 PM.<\/p>\n\n\n\n<p>-<\/p>\n\n\n\n<p>For more info, please scroll down and fill out the\nrequest form. <\/p>","protected":false},"excerpt":{"rendered":"<p>Iskol\u00e1knak Van egy szabadnapotok a suliban? K\u00fcl\u00f6nleges oszt\u00e1lykir\u00e1ndul\u00e1sra v\u00e1gytok? Van kedvetek j\u00e1t\u00e9kosan felfedezni, jobban megismerni k\u00fcl\u00f6nb\u00f6z\u0151 v\u00e1rosokat? Akkor gyertek \u00e9s Urbang\u00f3zzatok! Az oszt\u00e1lyok kis l\u00e9tsz\u00e1m\u00fa (6-10 f\u0151s) csapatokban versenyeznek egym\u00e1ssal. A t\u00fara miel\u0151bbi teljes\u00edt\u00e9s\u00e9hez csapatmunk\u00e1ra van sz\u00fcks\u00e9g. A kapkod\u00e1s helyett a nyugodt gondolkod\u00e1s, min\u00e9l t\u00f6bb csapattag bevon\u00e1sa a feladatok megold\u00e1s\u00e1ba, egym\u00e1s \u00f6tleteinek meghallgat\u00e1sa, az inform\u00e1ci\u00f3k [&hellip;]<\/p>","protected":false},"author":1,"featured_media":0,"parent":28,"menu_order":3,"comment_status":"closed","ping_status":"closed","template":"","meta":{"_acf_changed":false,"footnotes":""},"class_list":["post-34","page","type-page","status-publish","hentry"],"acf":[],"_links":{"self":[{"href":"https:\/\/urbango.hu\/en\/wp-json\/wp\/v2\/pages\/34","targetHints":{"allow":["GET"]}}],"collection":[{"href":"https:\/\/urbango.hu\/en\/wp-json\/wp\/v2\/pages"}],"about":[{"href":"https:\/\/urbango.hu\/en\/wp-json\/wp\/v2\/types\/page"}],"author":[{"embeddable":true,"href":"https:\/\/urbango.hu\/en\/wp-json\/wp\/v2\/users\/1"}],"replies":[{"embeddable":true,"href":"https:\/\/urbango.hu\/en\/wp-json\/wp\/v2\/comments?post=34"}],"version-history":[{"count":3,"href":"https:\/\/urbango.hu\/en\/wp-json\/wp\/v2\/pages\/34\/revisions"}],"predecessor-version":[{"id":48499,"href":"https:\/\/urbango.hu\/en\/wp-json\/wp\/v2\/pages\/34\/revisions\/48499"}],"up":[{"embeddable":true,"href":"https:\/\/urbango.hu\/en\/wp-json\/wp\/v2\/pages\/28"}],"wp:attachment":[{"href":"https:\/\/urbango.hu\/en\/wp-json\/wp\/v2\/media?parent=34"}],"curies":[{"name":"wp","href":"https:\/\/api.w.org\/{rel}","templated":true}]}}