{"id":32,"date":"2019-10-11T11:07:57","date_gmt":"2019-10-11T09:07:57","guid":{"rendered":"https:\/\/urbango.hu\/?page_id=32"},"modified":"2021-06-15T16:36:04","modified_gmt":"2021-06-15T14:36:04","slug":"egyedi-palya","status":"publish","type":"page","link":"https:\/\/urbango.hu\/en\/egyedi-foglalasok\/egyedi-palya\/","title":{"rendered":"Branded Trails"},"content":{"rendered":"<h2 class=\"wp-block-heading\">Branded Course, Not a One-Night Adventure...<\/h2>\n\n\n\n<p>What We Don't Do<\/p>\n\n\n\n<p>We don't build courses for one-time occasions such as bachelor or bachelorette parties, or for unique locations for a single event.<br><br>What We Do<\/p>\n\n\n\n<p>We build custom courses for the long term. If you think that a thematic UrbangGo course would fit well with your company's profile and mission, let's talk about it!<\/p>","protected":false},"excerpt":{"rendered":"<p>Brandelt p\u00e1lya, Nem egy\u00e9jszak\u00e1s kaland&#8230; Amit nem csin\u00e1lunk Nem \u00e9p\u00edt\u00fcnk p\u00e1ly\u00e1t egyszeri alkalmakra mint p\u00e9ld\u00e1ul leg\u00e9ny-vagy le\u00e1nyb\u00facs\u00fakra, illetve k\u00fcl\u00f6nleges helysz\u00ednekre egyetlen esem\u00e9ny miatt. Amit csin\u00e1lunk Egyedi p\u00e1ly\u00e1t \u00e9p\u00edt\u00fcnk hossz\u00fat\u00e1vra. Ha \u00fagy gondolod, hogy c\u00e9ged profilj\u00e1hoz \u00e9s k\u00fcldet\u00e9s\u00e9hez egy tematikus UrbangGo p\u00e1lya illeszkedne j\u00f3l, akkor besz\u00e9lj\u00fcnk r\u00f3la!<\/p>","protected":false},"author":1,"featured_media":0,"parent":28,"menu_order":4,"comment_status":"closed","ping_status":"closed","template":"","meta":{"_acf_changed":false,"footnotes":""},"class_list":["post-32","page","type-page","status-publish","hentry"],"acf":[],"_links":{"self":[{"href":"https:\/\/urbango.hu\/en\/wp-json\/wp\/v2\/pages\/32","targetHints":{"allow":["GET"]}}],"collection":[{"href":"https:\/\/urbango.hu\/en\/wp-json\/wp\/v2\/pages"}],"about":[{"href":"https:\/\/urbango.hu\/en\/wp-json\/wp\/v2\/types\/page"}],"author":[{"embeddable":true,"href":"https:\/\/urbango.hu\/en\/wp-json\/wp\/v2\/users\/1"}],"replies":[{"embeddable":true,"href":"https:\/\/urbango.hu\/en\/wp-json\/wp\/v2\/comments?post=32"}],"version-history":[{"count":2,"href":"https:\/\/urbango.hu\/en\/wp-json\/wp\/v2\/pages\/32\/revisions"}],"predecessor-version":[{"id":47203,"href":"https:\/\/urbango.hu\/en\/wp-json\/wp\/v2\/pages\/32\/revisions\/47203"}],"up":[{"embeddable":true,"href":"https:\/\/urbango.hu\/en\/wp-json\/wp\/v2\/pages\/28"}],"wp:attachment":[{"href":"https:\/\/urbango.hu\/en\/wp-json\/wp\/v2\/media?parent=32"}],"curies":[{"name":"wp","href":"https:\/\/api.w.org\/{rel}","templated":true}]}}