{"id":30,"date":"2019-10-08T11:07:42","date_gmt":"2019-10-08T09:07:42","guid":{"rendered":"https:\/\/urbango.hu\/?page_id=30"},"modified":"2022-09-05T16:16:14","modified_gmt":"2022-09-05T15:16:14","slug":"csapatepites","status":"publish","type":"page","link":"https:\/\/urbango.hu\/en\/egyedi-foglalasok\/csapatepites\/","title":{"rendered":"Team Building"},"content":{"rendered":"<h2 class=\"wp-block-heading\">Team Building<\/h2>\n\n\n\n<p>You only have a few hours for team building? Do you like wondering about in exciting parts\nof a beautiful city? <br>Then why not go on an urban treasure hunt?<br>Our outdoor escape game and trasure hunt can be a fun adventure for groups of 8 to 120.<br>People compete in small groups of 4-8. To complete the trail, you\u2019ll need real collaborative\nwork and creativity. You don\u2019t have to rush here. The winning strategy is to think together\ncalmly while listening to each other\u2019s ideas, relying on everyone\u2019s input and sharing what\nyou have figured out.<br>Each trail can be completed between in 2.5-3.5 hours, and the whole group can go for a drink,\nlunch or dinner after you\u2019ve competed it.<br>Depending on the specific trail, we can start you off\nbetween 9.00-18.00 at any time, sharp.<br>For more info, please scroll down and fill out the\nrequest form.<br>If you have fewer than 8 people and would like to come and play, you can book a time slot <a href=\"https:\/\/urbango.hu\/en\/palyafoglalas\/belvaros\/\">here<\/a>, even immediately. <br>If our offer has captured your interest and you have confirmed the appointment, you can make the actual reservation <a href=\"https:\/\/urbango.hu\/en\/palyafoglalas\/belvaros\/\">here<\/a> .<\/p>","protected":false},"excerpt":{"rendered":"<p>Csapat\u00e9p\u00edt\u00e9s Csak n\u00e9h\u00e1ny \u00f3r\u00e1tok van egy csapat\u00e9p\u00edt\u0151re? Sz\u00edvesen s\u00e9t\u00e1ltok \u00e9s j\u00e1tszotok a v\u00e1ros utc\u00e1in? Akkor gyertek \u00e9s Urbang\u00f3zzatok!Kincskeres\u0151 j\u00e1t\u00e9kunk, v\u00e1rost\u00f3l f\u00fcgg\u0151en 8-120 f\u0151 r\u00e9sz\u00e9re k\u00edn\u00e1l izgalmas kalandot.A j\u00e1t\u00e9kosok kis l\u00e9tsz\u00e1m\u00fa (4-8 f\u0151s) csapatokban versenyeznek egym\u00e1ssal. A t\u00fara miel\u0151bbi teljes\u00edt\u00e9s\u00e9hez val\u00f3ban csapatmunk\u00e1ra van sz\u00fcks\u00e9g. A kapkod\u00e1s helyett a nyugodt gondolkod\u00e1s, min\u00e9l t\u00f6bb csapattag bevon\u00e1sa a feladatok [&hellip;]<\/p>","protected":false},"author":1,"featured_media":0,"parent":28,"menu_order":1,"comment_status":"closed","ping_status":"closed","template":"","meta":{"_acf_changed":false,"footnotes":""},"class_list":["post-30","page","type-page","status-publish","hentry"],"acf":[],"_links":{"self":[{"href":"https:\/\/urbango.hu\/en\/wp-json\/wp\/v2\/pages\/30","targetHints":{"allow":["GET"]}}],"collection":[{"href":"https:\/\/urbango.hu\/en\/wp-json\/wp\/v2\/pages"}],"about":[{"href":"https:\/\/urbango.hu\/en\/wp-json\/wp\/v2\/types\/page"}],"author":[{"embeddable":true,"href":"https:\/\/urbango.hu\/en\/wp-json\/wp\/v2\/users\/1"}],"replies":[{"embeddable":true,"href":"https:\/\/urbango.hu\/en\/wp-json\/wp\/v2\/comments?post=30"}],"version-history":[{"count":4,"href":"https:\/\/urbango.hu\/en\/wp-json\/wp\/v2\/pages\/30\/revisions"}],"predecessor-version":[{"id":64274,"href":"https:\/\/urbango.hu\/en\/wp-json\/wp\/v2\/pages\/30\/revisions\/64274"}],"up":[{"embeddable":true,"href":"https:\/\/urbango.hu\/en\/wp-json\/wp\/v2\/pages\/28"}],"wp:attachment":[{"href":"https:\/\/urbango.hu\/en\/wp-json\/wp\/v2\/media?parent=30"}],"curies":[{"name":"wp","href":"https:\/\/api.w.org\/{rel}","templated":true}]}}