{"id":15,"date":"2019-10-08T11:03:52","date_gmt":"2019-10-08T09:03:52","guid":{"rendered":"https:\/\/urbango.hu\/?page_id=15"},"modified":"2023-05-15T14:17:14","modified_gmt":"2023-05-15T13:17:14","slug":"belvaros-1","status":"publish","type":"page","link":"https:\/\/urbango.hu\/en\/budapest\/belvaros-1\/","title":{"rendered":"Downtown 1."},"content":{"rendered":"<h2 class=\"wp-block-heading\">Crowds, ice lolly, culture, parties<\/h2>\n\n\n\n<p>The first Urbango trail is packed with thrilling and fun brain-twisting puzzles and spectacular venues. It is colourful and noisy, just like downtown life should be. To crack the clues you\u2019ll need logic, creativity and collaboration. If you\u2019d like to stop for a chill, drink or ice lolly, no problem, you are free to do that, there\u2019s no time limit. The trail is completely flat, so if you want an easy walk, or you need to push a buggy, this is the ideal terrain for you.<\/p>\n\n\n\n<p>Both in English and Hungarian.<\/p>","protected":false},"excerpt":{"rendered":"<p>Fagyi, ny\u00fczsi, kult\u00fara, buli Az els\u0151 Urbango p\u00e1lya tele izgalmakkal, sz\u00f3rakoztat\u00f3 rejtv\u00e9nyekkel, gy\u00f6ny\u00f6r\u0171 helysz\u00ednekkel, soksz\u00edn\u0171en \u00e9s zajosan, pont \u00fagy, ahogy a belv\u00e1rost szeretj\u00fck. A megfejt\u00e9shez lelem\u00e9nyess\u00e9gre, egy kis logik\u00e1ra \u00e9s f\u0151k\u00e9nt egy\u00fcttm\u0171k\u00f6d\u00e9sre lesz sz\u00fcks\u00e9getek. Ha a kaland k\u00f6zben kedvetek t\u00e1mad valahol elid\u0151zni, fagyizni, vagy inni egy j\u00f3 fr\u00f6ccs\u00f6t, az sem probl\u00e9ma, a j\u00e1t\u00e9knak nincs id\u0151korl\u00e1tja. [&hellip;]<\/p>","protected":false},"author":1,"featured_media":0,"parent":9,"menu_order":0,"comment_status":"closed","ping_status":"closed","template":"track.php","meta":{"_acf_changed":false,"footnotes":""},"class_list":["post-15","page","type-page","status-publish","hentry"],"acf":[],"_links":{"self":[{"href":"https:\/\/urbango.hu\/en\/wp-json\/wp\/v2\/pages\/15","targetHints":{"allow":["GET"]}}],"collection":[{"href":"https:\/\/urbango.hu\/en\/wp-json\/wp\/v2\/pages"}],"about":[{"href":"https:\/\/urbango.hu\/en\/wp-json\/wp\/v2\/types\/page"}],"author":[{"embeddable":true,"href":"https:\/\/urbango.hu\/en\/wp-json\/wp\/v2\/users\/1"}],"replies":[{"embeddable":true,"href":"https:\/\/urbango.hu\/en\/wp-json\/wp\/v2\/comments?post=15"}],"version-history":[{"count":2,"href":"https:\/\/urbango.hu\/en\/wp-json\/wp\/v2\/pages\/15\/revisions"}],"predecessor-version":[{"id":70191,"href":"https:\/\/urbango.hu\/en\/wp-json\/wp\/v2\/pages\/15\/revisions\/70191"}],"up":[{"embeddable":true,"href":"https:\/\/urbango.hu\/en\/wp-json\/wp\/v2\/pages\/9"}],"wp:attachment":[{"href":"https:\/\/urbango.hu\/en\/wp-json\/wp\/v2\/media?parent=15"}],"curies":[{"name":"wp","href":"https:\/\/api.w.org\/{rel}","templated":true}]}}