{"id":11,"date":"2019-10-09T11:03:12","date_gmt":"2019-10-09T09:03:12","guid":{"rendered":"https:\/\/urbango.hu\/?page_id=11"},"modified":"2021-07-09T19:49:17","modified_gmt":"2021-07-09T17:49:17","slug":"budavar","status":"publish","type":"page","link":"https:\/\/urbango.hu\/en\/budapest\/budavar\/","title":{"rendered":"Castle Hill"},"content":{"rendered":"<h2 class=\"wp-block-heading\">Spectacular views, historical vibes, quiet romance<\/h2>\n\n\n\n<p>The game starts at the foot of Chain Bridge and you are slowly climbing up to Castle Hill on the Danube side. Stop after stop, spectacular views of landscaped scenery mesmerize you while discovering places that even the locals barely know about. And suddenly you\u2019re up on top, in the vicinity of the Castle where you are roaming narrow friendly streets meandering between stately palaces and medieval buildings, while completing challenges and solving puzzles.<\/p>\n\n\n\n<p>This trail is popular with families: grandparents, parents and children all rejoice together.<\/p>","protected":false},"excerpt":{"rendered":"<p>Panor\u00e1ma, t\u00f6rt\u00e9nelmi hangulat, csendes romantika A j\u00e1t\u00e9k a L\u00e1nch\u00eddn\u00e1l indul, \u00e9s lassank\u00e9nt kapaszkodtok fel a V\u00e1rhegy Duna fel\u0151li oldal\u00e1n. \u00c1llom\u00e1sr\u00f3l \u00e1llom\u00e1sra egyre szebb \u00e9s teljesebb panor\u00e1ma t\u00e1rul el\u00e9tek, olyan helyekre juttok, ahol m\u00e9g a helyiek is csak ritk\u00e1n fordulnak meg. Azt\u00e1n egyszercsak fel\u00e9rtek a V\u00e1rba, ahol palot\u00e1k, k\u00f6z\u00e9pkori \u00e9p\u00fcletek, sz\u0171k, m\u00e9gis bar\u00e1ts\u00e1gos sik\u00e1torok k\u00f6z\u00f6tt haladtok [&hellip;]<\/p>","protected":false},"author":1,"featured_media":0,"parent":9,"menu_order":0,"comment_status":"closed","ping_status":"closed","template":"track.php","meta":{"_acf_changed":false,"footnotes":""},"class_list":["post-11","page","type-page","status-publish","hentry"],"acf":[],"_links":{"self":[{"href":"https:\/\/urbango.hu\/en\/wp-json\/wp\/v2\/pages\/11","targetHints":{"allow":["GET"]}}],"collection":[{"href":"https:\/\/urbango.hu\/en\/wp-json\/wp\/v2\/pages"}],"about":[{"href":"https:\/\/urbango.hu\/en\/wp-json\/wp\/v2\/types\/page"}],"author":[{"embeddable":true,"href":"https:\/\/urbango.hu\/en\/wp-json\/wp\/v2\/users\/1"}],"replies":[{"embeddable":true,"href":"https:\/\/urbango.hu\/en\/wp-json\/wp\/v2\/comments?post=11"}],"version-history":[{"count":2,"href":"https:\/\/urbango.hu\/en\/wp-json\/wp\/v2\/pages\/11\/revisions"}],"predecessor-version":[{"id":48495,"href":"https:\/\/urbango.hu\/en\/wp-json\/wp\/v2\/pages\/11\/revisions\/48495"}],"up":[{"embeddable":true,"href":"https:\/\/urbango.hu\/en\/wp-json\/wp\/v2\/pages\/9"}],"wp:attachment":[{"href":"https:\/\/urbango.hu\/en\/wp-json\/wp\/v2\/media?parent=11"}],"curies":[{"name":"wp","href":"https:\/\/api.w.org\/{rel}","templated":true}]}}